{"id":75,"date":"2018-08-24T16:34:24","date_gmt":"2018-08-24T16:34:24","guid":{"rendered":"http:\/\/www.weinundwissenblog.de\/?page_id=75"},"modified":"2019-12-03T17:49:53","modified_gmt":"2019-12-03T17:49:53","slug":"news","status":"publish","type":"page","link":"https:\/\/www.weinundwissenblog.de\/?page_id=75","title":{"rendered":"News"},"content":{"rendered":"\n<p style=\"font-size:12px\">Die redaktionelle und terminliche Verantwortung der News liegt bei den jeweiligen Unternehmen und nicht bei DerWeinBlog.com<\/p>\n\n\n\n<h3>PROWEIN MEDIA SUMMIT<\/h3>\n\n\n\n<p>Wir freuen uns, Sie auf unserem gr\u00fcnen Campus zwischen Weinbergen und Rhein begr\u00fc\u00dfen zu d\u00fcrfen, und w\u00fcnschen Ihnen einen spannenden Austausch beim ProWein Media Summit 2019!<\/p>\n\n\n\n<p>PROGRAMM DES PROWEIN MEDIA SUMMIT<\/p>\n\n\n\n<p>MITTWOCH, 20. NOVEMBER 2019 \u2013 WILLKOMMEN<br>\nDONNERSTAG, 21. NOVEMBER 2019 \u2013 MEDIA SUMMIT AN DER HOCHSCHULE GEISENHEIM<br>\nFREITAG, 22. NOVEMBER 2019 \u2013 EXKURSION UND MITTAGESSENAGE<\/p>\n\n\n\n<p>PR\u00c4SENTATION DES PROWEIN BUSINESS REPORTS 2019<br>\nZUR LIVE-\u00dcBERTRAGUNG AM DONNERSTAG, 21. NOVEMBER 2019, 11:00 UHR<\/p>\n\n\n\n<h3>K\u00f6lnWein 2019<\/h3>\n\n\n\n<p><\/p>\n\n\n\n<p>In diesem Jahr findet die K\u00f6lnWein am Samstag,<br>13. April und Sonntag, 14. April im G\u00fcrzenich, Martinstr. 29-37 statt.<\/p>\n\n\n\n<p>In zwei oder drei S\u00e4len pr\u00e4sentieren Ihnen Winzer und Weing\u00fcter ihre neuesten Weinkreationen. Schwerpunkt ist wie jedes Jahr Deutschland und \u00d6sterreich. Sie haben Gelegenheit, \u00fcber 900 verschiedene Weine zu verkosten, sich umfassend \u00fcber die neuen Jahrg\u00e4nge zu informieren und ausgew\u00e4hlte Kreszenzen vom Erzeuger pers\u00f6nlich kommentieren zu lassen und diese dann ggf. auch direkt vor Ort zu bestellen. <br>Es ist eine bekannte und gut besuchte Weinmesse f\u00fcr den privaten Weinfreund.<\/p>\n\n\n\n<p>Tickets erhalten Sie im Vorverkauf (nur online) f\u00fcr 10 Euro, an<br>der Tageskasse f\u00fcr 13 Euro. Der Eintritt beinhaltet die freie<br>Verkostung aller Weine und einen Katalog mit Informationen<br>\u00fcber die Aussteller.<br>Die teilnehmenden Winzer finden Sie unter: https:\/\/www.koelnwein.com\/teilnehmer\/<br><\/p>\n\n\n\n<h3><strong>Gourmet Festival D\u00fcsseldorf 2018<\/strong><\/h3>\n\n\n\n<figure class=\"wp-block-image\"><img decoding=\"async\" loading=\"lazy\" width=\"2400\" height=\"1800\" src=\"http:\/\/www.derweinblog.com\/wp-content\/uploads\/2018\/08\/Duesseldorf-Ko\u0308e_20180823_B-1.jpeg\" alt=\"\" class=\"wp-image-87\" srcset=\"https:\/\/www.weinundwissenblog.de\/wp-content\/uploads\/2018\/08\/Duesseldorf-Ko\u0308e_20180823_B-1.jpeg 2400w, https:\/\/www.weinundwissenblog.de\/wp-content\/uploads\/2018\/08\/Duesseldorf-Ko\u0308e_20180823_B-1-300x225.jpeg 300w, https:\/\/www.weinundwissenblog.de\/wp-content\/uploads\/2018\/08\/Duesseldorf-Ko\u0308e_20180823_B-1-768x576.jpeg 768w, https:\/\/www.weinundwissenblog.de\/wp-content\/uploads\/2018\/08\/Duesseldorf-Ko\u0308e_20180823_B-1-1024x768.jpeg 1024w\" sizes=\"(max-width: 2400px) 100vw, 2400px\" \/><figcaption><em>Aufbau der Zelte f\u00fcr das Gourmet Festival auf der K\u00f6&nbsp; \u00a9 derweinblog<\/em><\/figcaption><\/figure>\n\n\n\n<p>Vom 24.08. bis 26.08 ( jeweils bis 21:00 Uhr ) findet das Festival an beiden Seiten der K\u00f6nigsallee in D\u00fcsseldorf statt. Neben einigen Weinh\u00e4ndlern und Weing\u00fctern findet der Besucher qualitativ hochwertiges Essen und dazu vielerlei passende Getr\u00e4nke. Bei diesem Event handelt es sich nicht um eine spezielle Weinmesse aber es sind trotzdem Weine aus einigen ungew\u00f6hnlichen Anbaugebieten ( Mallorca, Brasilien ) zu finden.&nbsp;<br><\/p>\n\n\n\n<p>&#8212;&#8212;&#8212;&#8212;&#8212;&#8212;&#8212;&#8212;&#8212;&#8212;&#8212;&#8212;&#8212;&#8212;&#8212;&#8212;&#8212;&#8212;&#8212;&#8212;&#8212;&#8212;&#8212;&#8212;&#8212;&#8212;&#8212;&#8212;&#8212;&#8212;&#8212;&#8212;&#8212;&#8212;&#8212;&#8212;&#8212;&#8212;&#8211;<\/p>\n\n\n\n<h3>Aachener &#8220; WeinSommer&#8220;<\/h3>\n\n\n\n<h4>Das WeinSommer auf dem aachener Katschhof<\/h4>\n\n\n\n<p>Das Weinfest findet vom 23. &#8211; 26.&nbsp; August auf dem Katschhof in Aachen statt. Aufgrund der idyllischen Lage hat dieses Weinfest ein ganz besonderes Flair. Bis Sonntagabend haben die Besucher Gelegenheit eines der sch\u00f6nsten Weinfeste der Region zu genie\u00dfen. \u00dcber 25 Winzer ( Schwerpunkt Pfalz ) sind vertreten.<br><\/p>\n\n\n\n<p><strong>Donnerstag u. Freitag von 16:00 bis 24:00 Uhr<\/strong><\/p>\n\n\n\n<p><strong>Samstag von 12:00 bis 24:00 Uhr<\/strong><\/p>\n\n\n\n<p><strong>Sonntag von 12:00 bis 22:00 Uhr\ufeff<\/strong><\/p>\n\n\n\n<figure class=\"wp-block-image\"><img decoding=\"async\" loading=\"lazy\" width=\"2400\" height=\"1800\" src=\"http:\/\/www.derweinblog.com\/wp-content\/uploads\/2018\/08\/Katschhof_B.jpeg\" alt=\"\" class=\"wp-image-114\" srcset=\"https:\/\/www.weinundwissenblog.de\/wp-content\/uploads\/2018\/08\/Katschhof_B.jpeg 2400w, https:\/\/www.weinundwissenblog.de\/wp-content\/uploads\/2018\/08\/Katschhof_B-300x225.jpeg 300w, https:\/\/www.weinundwissenblog.de\/wp-content\/uploads\/2018\/08\/Katschhof_B-768x576.jpeg 768w, https:\/\/www.weinundwissenblog.de\/wp-content\/uploads\/2018\/08\/Katschhof_B-1024x768.jpeg 1024w\" sizes=\"(max-width: 2400px) 100vw, 2400px\" \/><\/figure>\n","protected":false},"excerpt":{"rendered":"<p>Die redaktionelle und terminliche Verantwortung der News liegt bei den jeweiligen Unternehmen und nicht bei DerWeinBlog.com PROWEIN MEDIA SUMMIT Wir freuen uns, Sie auf unserem gr\u00fcnen Campus zwischen Weinbergen und Rhein begr\u00fc\u00dfen zu d\u00fcrfen, und w\u00fcnschen Ihnen einen spannenden Austausch beim ProWein Media Summit 2019! PROGRAMM DES PROWEIN MEDIA SUMMIT MITTWOCH, 20. NOVEMBER 2019 \u2013 [&hellip;]<\/p>\n","protected":false},"author":1,"featured_media":0,"parent":0,"menu_order":0,"comment_status":"closed","ping_status":"closed","template":"","meta":[],"_links":{"self":[{"href":"https:\/\/www.weinundwissenblog.de\/index.php?rest_route=\/wp\/v2\/pages\/75"}],"collection":[{"href":"https:\/\/www.weinundwissenblog.de\/index.php?rest_route=\/wp\/v2\/pages"}],"about":[{"href":"https:\/\/www.weinundwissenblog.de\/index.php?rest_route=\/wp\/v2\/types\/page"}],"author":[{"embeddable":true,"href":"https:\/\/www.weinundwissenblog.de\/index.php?rest_route=\/wp\/v2\/users\/1"}],"replies":[{"embeddable":true,"href":"https:\/\/www.weinundwissenblog.de\/index.php?rest_route=%2Fwp%2Fv2%2Fcomments&post=75"}],"version-history":[{"count":23,"href":"https:\/\/www.weinundwissenblog.de\/index.php?rest_route=\/wp\/v2\/pages\/75\/revisions"}],"predecessor-version":[{"id":416,"href":"https:\/\/www.weinundwissenblog.de\/index.php?rest_route=\/wp\/v2\/pages\/75\/revisions\/416"}],"wp:attachment":[{"href":"https:\/\/www.weinundwissenblog.de\/index.php?rest_route=%2Fwp%2Fv2%2Fmedia&parent=75"}],"curies":[{"name":"wp","href":"https:\/\/api.w.org\/{rel}","templated":true}]}}