{"id":32,"date":"2018-08-06T15:03:06","date_gmt":"2018-08-06T15:03:06","guid":{"rendered":"http:\/\/www.weinundwissenblog.de\/?page_id=32"},"modified":"2022-12-07T15:03:26","modified_gmt":"2022-12-07T15:03:26","slug":"datenschutz","status":"publish","type":"page","link":"https:\/\/www.weinundwissenblog.de\/?page_id=32","title":{"rendered":"Datenschutz"},"content":{"rendered":"\n<h1>Datenschutzerkl\u00e4rung<\/h1>\n\n\n\n<p>Die nachfolgende Datenschutzerkl\u00e4rung gilt f\u00fcr die Nutzung unseres Online-Angebots [www.weinundwissenblog.de] (nachfolgend \u201eWebsite\u201c).<\/p>\n\n\n\n<p> Wir messen dem Datenschutz gro\u00dfe Bedeutung bei. Die Erhebung und \nVerarbeitung Ihrer personenbezogenen Daten geschieht unter Beachtung der\n geltenden datenschutzrechtlichen Vorschriften, insbesondere der \nDatenschutzgrundverordnung (DSGVO).\n<\/p>\n\n\n\n<h4>1\tVerantwortlicher<\/h4>\n\n\n\n<p>Verantwortlicher f\u00fcr die Erhebung, Verarbeitung und Nutzung Ihrer personenbezogenen Daten im Sinne von Art. 4 Nr. 7 DSGVO sind die im Impressum genannten Betreiber der Website \/ des Blogs.<br><\/p>\n\n\n\n<p>Sofern Sie der Erhebung, Verarbeitung oder Nutzung Ihrer Daten durch uns nach Ma\u00dfgabe dieser Datenschutzbestimmungen insgesamt oder f\u00fcr einzelne Ma\u00dfnahmen widersprechen wollen, k\u00f6nnen Sie Ihren Widerspruch an den Verantwortlichen per Email richten.<\/p>\n\n\n\n<p>Sie k\u00f6nnen diese Datenschutzerkl\u00e4rung jederzeit speichern und ausdrucken. \n<\/p>\n\n\n\n<h4>2\tWelche Daten wir verwenden und warum <\/h4>\n\n\n\n<h5>2.1\tHosting <\/h5>\n\n\n\n<p>Die von uns in Anspruch genommenen Hosting-Leistungen dienen der \nZurverf\u00fcgungstellung der folgenden Leistungen: Infrastruktur- und \nPlattformdienstleistungen, Rechenkapazit\u00e4t, Speicherplatz und \nDatenbankdienste, Sicherheitsleistungen sowie technische \nWartungsleistungen, die wir zum Zweck des Betriebs der Website \neinsetzen. \n<\/p>\n\n\n\n<p>Hierbei verarbeiten wir, bzw. unser Hostinganbieter Bestandsdaten, \nKontaktdaten, Inhaltsdaten, Vertragsdaten, Nutzungsdaten, Meta- und \nKommunikationsdaten von Kunden, Interessenten und Besuchern dieser \nWebsite auf Grundlage unserer berechtigten Interessen an einer \neffizienten und sicheren Zurverf\u00fcgungstellung unserer Website gem. Art. 6\n Abs. 1 S. 1 f) DSGVO i.V.m. Art. 28 DSGVO. \n<\/p>\n\n\n\n<h5>2.2\tZugriffsdaten <\/h5>\n\n\n\n<p>Wir sammeln Informationen \u00fcber Sie, wenn Sie diese Website nutzen. \nWir erfassen automatisch Informationen \u00fcber Ihr Nutzungsverhalten und \nIhre Interaktion mit uns und registrieren Daten zu Ihrem Computer oder \nMobilger\u00e4t. Wir erheben, speichern und nutzen Daten \u00fcber jeden Zugriff \nauf unsere Website (sogenannte Serverlogfiles). Zu den Zugriffsdaten \ngeh\u00f6ren: \n<\/p>\n\n\n\n<p>\uf02d\tName und URL der abgerufenen Datei <br>\uf02d\tDatum und Uhrzeit des Abrufs <br>\uf02d\t\u00fcbertragene Datenmenge <br>\uf02d\tMeldung \u00fcber erfolgreichen Abruf (HTTP response code) <br>\uf02d\tBrowsertyp und Browserversion <br>\uf02d\tBetriebssystem <br>\uf02d\tReferer URL (d.h. die zuvor besuchte Seite) <br>\uf02d\tWebsites, die vom System des Nutzers \u00fcber unsere Website aufgerufen werden <br>\uf02d\tInternet-Service-Provider des Nutzers <br>\uf02d\tIP-Adresse und der anfragende Provider \n<\/p>\n\n\n\n<p>Wir nutzen diese Protokolldaten ohne Zuordnung zu Ihrer Person oder \nsonstiger Profilerstellung f\u00fcr statistische Auswertungen zum Zweck des \nBetriebs, der Sicherheit und der Optimierung unserer Website, aber auch \nzur anonymen Erfassung der Anzahl der Besucher auf unserer Website \n(traffic) sowie zum Umfang und zur Art der Nutzung unserer Website und \nDienste, ebenso zu Abrechnungszwecken, um die Anzahl der von \nKooperationspartnern erhaltenen Clicks zu messen. Aufgrund dieser \nInformationen k\u00f6nnen wir personalisierte und standortbezogene Inhalte \nzur Verf\u00fcgung stellen und den Datenverkehr analysieren, Fehler suchen \nund beheben und unsere Dienste verbessern. \n<\/p>\n\n\n\n<p>Hierin liegt auch unser berechtigtes Interesse gem\u00e4\u00df Art 6 Abs. 1 S. 1 f) DSGVO. \n<\/p>\n\n\n\n<p>Wir behalten uns vor, die Protokolldaten nachtr\u00e4glich zu \u00fcberpr\u00fcfen, wenn aufgrund konkreter Anhaltspunkte der berechtigte Verdacht einer rechtswidrigen Nutzung besteht. IP-Adressen speichern wir f\u00fcr einen begrenzten Zeitraum in den Logfiles, wenn dies f\u00fcr Sicherheitszwecke erforderlich ist. IP-Adressen speichern wir auch dann, wenn wir den konkreten Verdacht einer Straftat im Zusammenhang mit der Nutzung unserer Website haben. Au\u00dferdem speichern wir als Teil Ihres Accounts das Datum Ihres letzten Besuchs (z.B. bei Registrierung, Login, Klicken von Links etc.). (z. B. E-Mail-Adresse). <br><\/p>\n\n\n\n<h5>2.3\tE-Mail Kontakt <\/h5>\n\n\n\n<p>Wenn Sie mit uns in Kontakt treten (z. B. per Kontaktformular oder E-Mail), verarbeiten wir Ihre Angaben zur Bearbeitung der Anfrage sowie f\u00fcr den Fall, dass Anschlussfragen entstehen.<br><\/p>\n\n\n\n<p>Weitere personenbezogene Daten verarbeiten wir nur, wenn Sie dazu \neinwilligen (Art. 6 Abs. 1 S. 1 a) DSGVO) oder wir ein berechtigtes \nInteresse an der Verarbeitung Ihrer Daten haben (Art. 6 Abs. 1 S. 1 f) \nDSGVO). \n<\/p>\n\n\n\n<p>Ein berechtigtes Interesse liegt z. B. darin, auf Ihre E-Mail zu antworten. \n<\/p>\n\n\n\n<h3>3\tGoogle Analytics <\/h3>\n\n\n\n<p>Wir benutzen Google Analytics zur Zeit nicht.<\/p>\n\n\n\n<h4>4\tIhre Rechte als von der Datenverarbeitung Betroffener <\/h4>\n\n\n\n<p>Nach den anwendbaren Gesetzen haben Sie verschiedene Rechte bez\u00fcglich Ihrer personenbezogenen Daten. M\u00f6chten Sie diese Rechte geltend machen, so richten Sie Ihre Anfrage bitte per E-Mail oder per Post unter eindeutiger Identifizierung Ihrer Person an die in Email-Adresse im Impressum. Nachfolgend finden Sie eine \u00dcbersicht \u00fcber Ihre Rechte.<\/p>\n\n\n\n<h5>4.1\tRecht auf Best\u00e4tigung und Auskunft <\/h5>\n\n\n\n<p>Sie haben das Recht auf eine \u00fcbersichtliche Auskunft \u00fcber die \nVerarbeitung Ihrer personenbezogenen Daten. Im Einzelnen: Sie haben \njederzeit das Recht, von uns eine Best\u00e4tigung dar\u00fcber zu erhalten, ob \nSie betreffende personenbezogene Daten verarbeitet werden. Ist dies der \nFall, so haben Sie das Recht, von uns eine unentgeltliche Auskunft \u00fcber \ndie zu Ihnen gespeicherten personenbezogenen Daten nebst einer Kopie \ndieser Daten zu verlangen. Des Weiteren besteht ein Recht auf folgende \nInformationen: <br>1.\tdie Verarbeitungszwecke; <br>2.\tdie Kategorien personenbezogener Daten, die verarbeitet werden; <br>3.\n\tdie Empf\u00e4nger oder Kategorien von Empf\u00e4ngern, gegen\u00fcber denen die \npersonenbezogenen Daten offengelegt worden sind oder noch offengelegt \nwerden, insbesondere bei Empf\u00e4ngern in Drittl\u00e4ndern oder bei \ninternationalen Organisationen; <br>4.\tfalls m\u00f6glich, die geplante \nDauer, f\u00fcr die die personenbezogenen Daten gespeichert werden, oder, \nfalls dies nicht m\u00f6glich ist, die Kriterien f\u00fcr die Festlegung dieser \nDauer; <br>5.\tdas Bestehen eines Rechts auf Berichtigung oder L\u00f6schung \nder Sie betreffenden personenbezogenen Daten oder auf Einschr\u00e4nkung der \nVerarbeitung durch den Verantwortlichen oder eines Widerspruchsrechts \ngegen diese Verarbeitung; <br>6.\tdas Bestehen eines Beschwerderechts bei einer Aufsichtsbeh\u00f6rde; <br>7.\twenn die personenbezogenen Daten nicht bei Ihnen erhoben werden, alle verf\u00fcgbaren Informationen \u00fcber die Herkunft der Daten; <br>8.\n\tdas Bestehen einer automatisierten Entscheidungsfindung einschlie\u00dflich \nProfiling gem\u00e4\u00df Art. 22 Abs. 1 und 4 DSGVO und \u2013 zumindest in diesen \nF\u00e4llen \u2013 aussagekr\u00e4ftige Informationen \u00fcber die involvierte Logik sowie \ndie Tragweite und die angestrebten Auswirkungen einer derartigen \nVerarbeitung f\u00fcr Sie. Werden personenbezogene Daten an ein Drittland \noder an eine internationale Organisation \u00fcbermittelt, so haben Sie das \nRecht, \u00fcber die geeigneten Garantien gem\u00e4\u00df Art. 46 DSGVO im Zusammenhang\n mit der \u00dcbermittlung unterrichtet zu werden. \n<\/p>\n\n\n\n<h5>4.2\tRecht auf Berichtigung <\/h5>\n\n\n\n<p>Sie haben das Recht, von uns die Berichtigung und ggf. auch \nVervollst\u00e4ndigung Sie betreffender personenbezogener Daten zu verlangen.\n Im Einzelnen: Sie haben das Recht, von uns unverz\u00fcglich die \nBerichtigung Sie betreffender unrichtiger personenbezogener Daten zu \nverlangen. Unter Ber\u00fccksichtigung der Zwecke der Verarbeitung haben Sie \ndas Recht, die Vervollst\u00e4ndigung unvollst\u00e4ndiger personenbezogener Daten\n \u2013 auch mittels einer erg\u00e4nzenden Erkl\u00e4rung \u2013 zu verlangen. \n<\/p>\n\n\n\n<h5>4.3\tRecht auf L\u00f6schung (&#8222;Recht auf Vergessenwerden&#8220;) <\/h5>\n\n\n\n<p>In einer Reihe von F\u00e4llen sind wir verpflichtet, Sie betreffende \npersonenbezogene Daten zu l\u00f6schen. Im Einzelnen: Sie haben gem\u00e4\u00df Art. 17\n Abs. 1 DSGVO das Recht, von uns zu verlangen, dass Sie betreffende \npersonenbezogene Daten unverz\u00fcglich gel\u00f6scht werden, und wir sind \nverpflichtet, personenbezogene Daten unverz\u00fcglich zu l\u00f6schen, sofern \neiner der folgenden Gr\u00fcnde zutrifft: <br>1.\tDie personenbezogenen Daten \nsind f\u00fcr die Zwecke, f\u00fcr die sie erhoben oder auf sonstige Weise \nverarbeitet wurden, nicht mehr notwendig. <br>2.\tSie widerrufen Ihre \nEinwilligung, auf die sich die Verarbeitung gem\u00e4\u00df Art. 6 Abs. 1 S. 1 a) \nDSGVO oder Art. 9 Abs. 2 a) DSGVO st\u00fctzte, und es fehlt an einer \nanderweitigen Rechtsgrundlage f\u00fcr die Verarbeitung. <br>3.\tSie legen \ngem\u00e4\u00df Art. 21 Abs. 1 DSGVO Widerspruch gegen die Verarbeitung ein und es\n liegen keine vorrangigen berechtigten Gr\u00fcnde f\u00fcr die Verarbeitung vor, \noder Sie legen gem\u00e4\u00df Art. 21 Abs. 2 DSGVO Widerspruch gegen die \nVerarbeitung ein. <br>4.\tDie personenbezogenen Daten wurden unrechtm\u00e4\u00dfig verarbeitet. <br>5.\n\tDie L\u00f6schung der personenbezogenen Daten ist zur Erf\u00fcllung einer \nrechtlichen Verpflichtung nach dem Unionsrecht oder dem Recht der \nMitgliedstaaten erforderlich, dem wir unterliegen. <br>6.\tDie \npersonenbezogenen Daten wurden in Bezug auf angebotene Dienste der \nInformationsgesellschaft gem\u00e4\u00df Art. 8 Abs. 1 DSGVO erhoben. Haben wir \ndie personenbezogenen Daten \u00f6ffentlich gemacht und sind wir gem\u00e4\u00df Art. \n17 Abs. 1 DSGVO zu deren L\u00f6schung verpflichtet, so treffen wir unter \nBer\u00fccksichtigung der verf\u00fcgbaren Technologie und der \nImplementierungskosten angemessene Ma\u00dfnahmen, auch technischer Art, um \nf\u00fcr die Datenverarbeitung Verantwortliche, die die personenbezogenen \nDaten verarbeiten, dar\u00fcber zu informieren, dass Sie von ihnen die \nL\u00f6schung aller Links zu diesen personenbezogenen Daten oder von Kopien \noder Replikationen dieser personenbezogenen Daten verlangt haben. \n<\/p>\n\n\n\n<h5>4.4\tRecht auf Einschr\u00e4nkung der Verarbeitung <\/h5>\n\n\n\n<p>In einer Reihe von F\u00e4llen sind Sie berechtigt, von uns eine \nEinschr\u00e4nkung der Verarbeitung Ihrer personenbezogenen Daten zu \nverlangen. Im Einzelnen: Sie haben das Recht, von uns die Einschr\u00e4nkung \nder Verarbeitung zu verlangen, wenn eine der folgenden Voraussetzungen \ngegeben ist: <br>1.\tdie Richtigkeit der personenbezogenen Daten wird von\n Ihnen bestritten, und zwar f\u00fcr eine Dauer, die es uns erm\u00f6glicht, die \nRichtigkeit der personenbezogenen Daten zu \u00fcberpr\u00fcfen, <br>2.\tdie \nVerarbeitung unrechtm\u00e4\u00dfig ist und Sie die L\u00f6schung der personenbezogenen\n Daten ablehnten und stattdessen die Einschr\u00e4nkung der Nutzung der \npersonenbezogenen Daten verlangt haben; <br>3.\twir die personenbezogenen\n Daten f\u00fcr die Zwecke der Verarbeitung nicht l\u00e4nger ben\u00f6tigen, Sie die \nDaten jedoch zur Geltendmachung, Aus\u00fcbung oder Verteidigung von \nRechtsanspr\u00fcchen ben\u00f6tigen, oder <br>4.\tSie Widerspruch gegen die \nVerarbeitung gem\u00e4\u00df Art. 21 Abs. 1 DSGVO eingelegt haben, solange noch \nnicht feststeht, ob die berechtigten Gr\u00fcnde unseres Unternehmens \ngegen\u00fcber den Ihren \u00fcberwiegen. \n<\/p>\n\n\n\n<h5>4.5\tRecht auf Daten\u00fcbertragbarkeit <\/h5>\n\n\n\n<p>Sie haben das Recht, Sie betreffende personenbezogene Daten \nmaschinenlesbar zu erhalten, zu \u00fcbermitteln, oder von uns \u00fcbermitteln zu\n lasen. Im Einzelnen: Sie haben das Recht, die Sie betreffenden \npersonenbezogenen Daten, die Sie uns bereitgestellt haben, in einem \nstrukturierten, g\u00e4ngigen und maschinenlesbaren Format zu erhalten, und \nSie haben das Recht, diese Daten einem anderen Verantwortlichen ohne \nBehinderung durch uns zu \u00fcbermitteln, sofern 1.\tdie Verarbeitung auf \neiner Einwilligung gem\u00e4\u00df Art. 6 Abs. 1 S. 1 a) DSGVO oder Art. 9 Abs. 2 \na) DSGVO oder auf einem Vertrag gem\u00e4\u00df Art. 6 Abs. 1 S. 1 b) DSGVO beruht\n und 2.\tdie Verarbeitung mithilfe automatisierter Verfahren erfolgt. Bei\n der Aus\u00fcbung Ihres Rechts auf Daten\u00fcbertragbarkeit gem\u00e4\u00df Absatz 1 haben\n Sie das Recht, zu erwirken, dass die personenbezogenen Daten direkt von\n uns einem anderen Verantwortlichen \u00fcbermittelt werden, soweit dies \ntechnisch machbar ist. \n<\/p>\n\n\n\n<h5>4.6\tWiderspruchsrecht <\/h5>\n\n\n\n<p>Sie haben das Recht, aus einer rechtm\u00e4\u00dfigen Verarbeitung Ihrer \npersonenbezogenen Daten durch uns zu widersprechen, wenn sich dies aus \nIhrer besonderen Situation begr\u00fcndet und unsere Interessen an der \nVerarbeitung nicht \u00fcberwiegen. Im Einzelnen: Sie haben das Recht, aus \nGr\u00fcnden, die sich aus Ihrer besonderen Situation ergeben, jederzeit \ngegen die Verarbeitung Sie betreffender personenbezogener Daten, die \naufgrund von Art. 6 Abs. 1 S. 1 e) oder f) DSGVO erfolgt, Widerspruch \neinzulegen; dies gilt auch f\u00fcr ein auf diese Bestimmungen gest\u00fctztes \nProfiling. Wir verarbeiten die personenbezogenen Daten nicht mehr, es \nsei denn, wir k\u00f6nnen zwingende schutzw\u00fcrdige Gr\u00fcnde f\u00fcr die Verarbeitung\n nachweisen, die Ihre Interessen, Rechte und Freiheiten \u00fcberwiegen, oder\n die Verarbeitung dient der Geltendmachung, Aus\u00fcbung oder Verteidigung \nvon Rechtsanspr\u00fcchen. Werden personenbezogene Daten von uns verarbeitet,\n um Direktwerbung zu betreiben, so haben Sie das Recht, jederzeit \nWiderspruch gegen die Verarbeitung Sie betreffender personenbezogener \nDaten zum Zwecke derartiger Werbung einzulegen; dies gilt auch f\u00fcr das \nProfiling, soweit es mit solcher Direktwerbung in Verbindung steht. Sie \nhaben das Recht, aus Gr\u00fcnden, die sich aus Ihrer besonderen Situation \nergeben, gegen die Sie betreffende Verarbeitung Sie betreffender \npersonenbezogener Daten, die zu wissenschaftlichen oder historischen \nForschungszwecken oder zu statistischen Zwecken gem\u00e4\u00df Art. 89 Abs. 1 \nDSGVO erfolgt, Widerspruch einzulegen, es sei denn, die Verarbeitung ist\n zur Erf\u00fcllung einer im \u00f6ffentlichen Interesse liegenden Aufgabe \nerforderlich. \n<\/p>\n\n\n\n<h5>4.7\tAutomatisierte Entscheidungen einschlie\u00dflich Profiling <\/h5>\n\n\n\n<p>Sie haben das Recht, nicht einer ausschlie\u00dflich auf einer \nautomatisierten Verarbeitung \u2013 einschlie\u00dflich Profiling \u2013 beruhenden \nEntscheidung unterworfen zu werden, die Ihnen gegen\u00fcber rechtliche \nWirkung entfaltet oder Sie in \u00e4hnlicher Weise erheblich beeintr\u00e4chtigt. \nEine automatisierte Entscheidungsfindung auf der Grundlage der erhobenen\n personenbezogenen Daten findet nicht statt. \n<\/p>\n\n\n\n<h5>4.8\tRecht auf Widerruf einer datenschutzrechtlichen Einwilligung <\/h5>\n\n\n\n<p>Sie haben das Recht, eine Einwilligung zur Verarbeitung personenbezogener Daten jederzeit zu widerrufen. \n<\/p>\n\n\n\n<h5>4.9\tRecht auf Beschwerde bei einer Aufsichtsbeh\u00f6rde <\/h5>\n\n\n\n<p>Sie haben das Recht auf Beschwerde bei einer Aufsichtsbeh\u00f6rde, \ninsbesondere in dem Mitgliedstaat Ihres Aufenthaltsorts, Ihres \nArbeitsplatzes oder des Orts des mutma\u00dflichen Versto\u00dfes, wenn Sie der \nAnsicht sind, dass die Verarbeitung der Sie betreffenden \npersonenbezogenen Daten rechtswidrig ist. \n<\/p>\n\n\n\n<h4>5\tDatensicherheit <\/h4>\n\n\n\n<p>Wir sind um die Sicherheit Ihrer Daten im Rahmen der geltenden Datenschutzgesetze und technischen M\u00f6glichkeiten maximal bem\u00fcht. Ihre pers\u00f6nlichen Daten werden bei uns verschl\u00fcsselt \u00fcbertragen. Wir weisen jedoch darauf hin, dass die Daten\u00fcbertragung im Internet (z.B. bei der Kommunikation per E-Mail) Sicherheitsl\u00fccken aufweisen kann. Ein l\u00fcckenloser Schutz der Daten vor dem Zugriff durch Dritte ist nicht m\u00f6glich. Zur Sicherung Ihrer Daten unterhalten wir technische und organisatorische Sicherungsma\u00dfnahmen entsprechend Art. 32 DSGVO, die wir immer wieder dem Stand der Technik anpassen. Wir gew\u00e4hrleisten au\u00dferdem nicht, dass unser Angebot zu bestimmten Zeiten zur Verf\u00fcgung steht; St\u00f6rungen, Unterbrechungen oder Ausf\u00e4lle k\u00f6nnen nicht ausgeschlossen werden. Die von uns verwendeten Server werden regelm\u00e4\u00dfig sorgf\u00e4ltig gesichert. 6 Weitergabe von Daten an Dritte, keine Daten\u00fcbertragung ins Nicht-EU-Ausland Grunds\u00e4tzlich verwenden wir Ihre personenbezogenen Daten nur innerhalb unseres Unternehmens. Wenn und soweit wir Dritte im Rahmen der Erf\u00fcllung von Vertr\u00e4gen einschalten (etwa Logistik-Dienstleister), erhalten diese personenbezogene Daten nur in dem Umfang, in welchem die \u00dcbermittlung f\u00fcr die entsprechende Leistung erforderlich ist. F\u00fcr den Fall, dass wir bestimmte Teile der Datenverarbeitung auslagern, verpflichten wir Auftragsverarbeiter vertraglich dazu, personenbezogene Daten nur im Einklang mit den Anforderungen der Datenschutzgesetze zu verwenden und den Schutz der Rechte der betroffenen Person zu gew\u00e4hrleisten. Eine Daten\u00fcbertragung an Stellen oder Personen au\u00dferhalb der EU au\u00dferhalb des in dieser Erkl\u00e4rung in Ziffer 4 genannten Falls findet nicht statt und ist nicht geplant. 7 Datenschutzbeauftragter Sollten Sie noch Fragen oder Bedenken zum Datenschutz haben, so wenden Sie sich bitte an unseren Datenschutzbeauftragten: Michael Hassiepen &#8211; info@derweinblog.com<a href=\"mailto:joerg.kalinke@drinkmix.de\"><\/a>)<\/p>\n\n\n\n<h3> Datenschutzerkl\u00e4rung f\u00fcr die Nutzung von Facebook-Plugins (Like-Button) <\/h3>\n\n\n\n<p>Auf unserer Webseite sind keine Plugins des sozialen Netzwerks Facebook (Facebook Inc., 1601 Willow Road, Menlo Park, California, 94025, USA) integriert. <br><\/p>\n\n\n\n<p> Sie k\u00f6nnen die Speicherung der Cookies durch eine entsprechende \nEinstellung Ihrer Browser-Software verhindern; wir weisen Sie jedoch \ndarauf hin, dass Sie in diesem Fall gegebenenfalls nicht s\u00e4mtliche \nFunktionen dieser Website vollumf\u00e4nglich werden nutzen k\u00f6nnen. Sie \nk\u00f6nnen dar\u00fcber hinaus die Erfassung der durch das Cookie erzeugten und \nauf Ihre Nutzung der Website bezogenen Daten (inkl. Ihrer IP-Adresse) an\n Google sowie die Verarbeitung dieser Daten durch Google verhindern, \nindem sie das unter dem folgenden Link verf\u00fcgbare Browser-Plugin \nherunterladen und installieren: tools.google.com\/dlpage\/gaoptout.\n<\/p>\n\n\n\n<h3> Datenschutzerkl\u00e4rung f\u00fcr die Nutzung von Twitter <\/h3>\n\n\n\n<p>Auf dieser Webseite sind keine Funktionen des Dienstes Twitter eingebunden. Twitter Inc., Twitter, Inc. 1355 Market St, Suite 900, San Francisco, CA 94103, USA. <br><\/p>\n","protected":false},"excerpt":{"rendered":"<p>Datenschutzerkl\u00e4rung Die nachfolgende Datenschutzerkl\u00e4rung gilt f\u00fcr die Nutzung unseres Online-Angebots [www.weinundwissenblog.de] (nachfolgend \u201eWebsite\u201c). Wir messen dem Datenschutz gro\u00dfe Bedeutung bei. Die Erhebung und Verarbeitung Ihrer personenbezogenen Daten geschieht unter Beachtung der geltenden datenschutzrechtlichen Vorschriften, insbesondere der Datenschutzgrundverordnung (DSGVO). 1 Verantwortlicher Verantwortlicher f\u00fcr die Erhebung, Verarbeitung und Nutzung Ihrer personenbezogenen Daten im Sinne von Art. 4 [&hellip;]<\/p>\n","protected":false},"author":1,"featured_media":0,"parent":0,"menu_order":0,"comment_status":"closed","ping_status":"closed","template":"","meta":[],"_links":{"self":[{"href":"https:\/\/www.weinundwissenblog.de\/index.php?rest_route=\/wp\/v2\/pages\/32"}],"collection":[{"href":"https:\/\/www.weinundwissenblog.de\/index.php?rest_route=\/wp\/v2\/pages"}],"about":[{"href":"https:\/\/www.weinundwissenblog.de\/index.php?rest_route=\/wp\/v2\/types\/page"}],"author":[{"embeddable":true,"href":"https:\/\/www.weinundwissenblog.de\/index.php?rest_route=\/wp\/v2\/users\/1"}],"replies":[{"embeddable":true,"href":"https:\/\/www.weinundwissenblog.de\/index.php?rest_route=%2Fwp%2Fv2%2Fcomments&post=32"}],"version-history":[{"count":3,"href":"https:\/\/www.weinundwissenblog.de\/index.php?rest_route=\/wp\/v2\/pages\/32\/revisions"}],"predecessor-version":[{"id":465,"href":"https:\/\/www.weinundwissenblog.de\/index.php?rest_route=\/wp\/v2\/pages\/32\/revisions\/465"}],"wp:attachment":[{"href":"https:\/\/www.weinundwissenblog.de\/index.php?rest_route=%2Fwp%2Fv2%2Fmedia&parent=32"}],"curies":[{"name":"wp","href":"https:\/\/api.w.org\/{rel}","templated":true}]}}